{"id":81,"date":"2025-12-17T18:03:03","date_gmt":"2025-12-17T18:03:03","guid":{"rendered":"https:\/\/www.gbb.fi\/tietoa-meista\/"},"modified":"2026-02-14T07:47:38","modified_gmt":"2026-02-14T07:47:38","slug":"tietoa-meista","status":"publish","type":"page","link":"https:\/\/www.gbb.fi\/sv\/tietoa-meista\/","title":{"rendered":"Om oss"},"content":{"rendered":"<div class=\"wp-block-group alignfull is-style-ext-preset--group--natural-1--section has-background-background-color has-background has-global-padding is-layout-constrained wp-container-core-group-is-layout-6714b1d7 wp-block-group-is-layout-constrained\" id=\"tietoa\" style=\"margin-top:0;margin-bottom:0;padding-top:var(--wp--preset--spacing--70);padding-bottom:var(--wp--preset--spacing--70)\">\n<div class=\"wp-block-group alignwide is-vertical is-content-justification-center is-layout-flex wp-container-core-group-is-layout-c9ee0c5a wp-block-group-is-layout-flex\">\n<div class=\"wp-block-group has-global-padding is-layout-constrained wp-container-core-group-is-layout-2287c683 wp-block-group-is-layout-constrained\">\n<h2 class=\"wp-block-heading has-text-align-center\">Den unika historien bakom Grani Big Band<\/h2>\n\n\n\n<p class=\"has-text-align-center\">Grani Big Band (GBB) \u00e4r en storbandsorkester fr\u00e5n Grankulla. Orkestern \u00e4r k\u00e4nd f\u00f6r sin m\u00e5ngsidiga repertoar som omfattar b\u00e5de traditionell swing och modernare jazzkompositioner. GBB har upptr\u00e4tt vid m\u00e5nga evenemang och festivaler och verkar aktivt f\u00f6r att fr\u00e4mja intresset f\u00f6r och k\u00e4nnedomen om jazzmusik, s\u00e4rskilt i Grankulla. Orkesterns medlemmar \u00e4r erfarna musiker som f\u00f6renar passion och yrkesskicklighet f\u00f6r att skapa storbandsmusik av h\u00f6g kvalitet.<\/p>\n\n\n\n<ul class=\"wp-block-list\">\n<li><strong>Grundat p\u00e5 1972:<\/strong> Grani Big Band har en l\u00e5ng historia och har spelat sedan <strong>1970-talet<\/strong>, bland annat upptr\u00e4tt p\u00e5 Granidagarna och vid evenemang fr\u00e4mst i svensk-Finland.<\/li>\n\n\n\n<li>Orkestern \u00e4r en lokal musikgemenskap med b\u00e5de <strong>aktiva amat\u00f6rer och vissa professionella musiker<\/strong>. Syftet \u00e4r att erbjuda <strong>sv\u00e4ngig big band-musik<\/strong> f\u00f6r en bred variation av evenemang och konserter.<\/li>\n\n\n\n<li>\u2022\tGBB spelar musik som passar b\u00e5de <strong>dans- och festtillst\u00e4llningar<\/strong> samt konserter, allt fr\u00e5n klassisk swing till modernare jazzmusik.<\/li>\n<\/ul>\n\n\n\n<h3 class=\"wp-block-heading\">\ud83c\udfb7 Verksamhet och framtr\u00e4danden<\/h3>\n\n\n\n<ul class=\"wp-block-list\">\n<li>Grani Big Band ordnar regelbundet <strong>h\u00f6st- och v\u00e5rkonserter<\/strong> i Nya Paviljongen i Grankulla och och p\u00e5 andra orter, fr\u00e4mst i svensspr\u00e5kiga Finland.<\/li>\n\n\n\n<li>Orkestern har \u00e4ven upptr\u00e4tt vid olika festivaler och st\u00f6rre konsertevenemang, bland annat flera g\u00e5nger p\u00e5 \u00c5kes Jazzfestival tilsammans med Nordiska jazzsolister, p\u00e5 Baltic Jazz festival i Dalsbruk mm.<\/li>\n\n\n\n<li>Samarbete sker med den lokala musikskolan och andra orkestrar, \u00e4ven klassiska, vilket har gett konserterna \u00f6kad variation.<\/li>\n<\/ul>\n\n\n\n<h3 class=\"wp-block-heading\">\ud83c\udfa4 Solister<\/h3>\n\n\n\n<div class=\"wp-block-group is-vertical is-layout-flex wp-container-core-group-is-layout-fe9cc265 wp-block-group-is-layout-flex\">\n<ul>\n<li><strong>Nina Lindroos<\/strong> \u2013 s\u00e5ngsolist bl.a. i konserten <em>Grani Big Band with Strings<\/em> samt vid flera andra evenemang, inklusive Granidagarna<\/li>\n<li><strong>Joel Fr\u00e4mling<\/strong> \u2013 s\u00e5ngsolist vid flera konserter (bl.a. s\u00f6ndagsjazz)<\/li>\n<li><strong>Sari Tu<\/strong><strong>liniemi<\/strong> \u2013 s\u00e5ngsolist<\/li>\n<li><strong>Matti Saarinen<\/strong> \u2013 gitarrsolist och solist i projektet <em>GBB with Strings.<\/em><\/li>\n<li class=\"translation-block\"><strong>Tero Saarti<\/strong> \u2013 trumpetsolist<\/li>\n<li class=\"translation-block\"><strong>Sanni Orasmaa<\/strong> \u2013 s\u00e5ngsolist<\/li>\n<li class=\"translation-block\"><strong>Elina Virtanen<\/strong> \u2013 s\u00e5ngsolist GBB:s miniturn\u00e9 2019<\/li>\n<li class=\"translation-block\"><strong>Jay Kortehisto<\/strong> \u2013 trombon- &amp; s\u00e5ngsolist<\/li>\n<li class=\"translation-block\"><strong>Antti Sarpila<\/strong> \u2013 klarinettsolist, kapellm\u00e4stare<\/li>\n<li class=\"translation-block\"><strong>Gunhild Carling<\/strong>  \u2013 trumpet, trombon, blockfl\u00f6jt, s\u00e5ngsolist<\/li>\n<li class=\"translation-block\"><strong>Ulf Johansson-Werre<\/strong> \u2013 saxofon- och s\u00e5ngsolist<\/li>\n<li class=\"translation-block\"><strong>Severi Pyysalo<\/strong> \u2013 vibrafonsolist<\/li>\n<li class=\"translation-block\"><strong>Antti Rissanen<\/strong> \u2013 trombonsolist och kapellm\u00e4stare<\/li>\n<li class=\"translation-block\"><strong>Monica Kulmala<\/strong> \u2013 s\u00e5ng<\/li>\n<li class=\"translation-block\"><strong>Marian &amp; Mihai Petrescu<\/strong> \u2013 piano + bas<\/li>\n<li><strong>Bianca Morales<\/strong> \u2013 s\u00e5ngsolist<\/li>\n<li><strong>Mikko-Ville Luolajan-Mikkola<\/strong> \u2013 violinsolist<\/li>\n<li><strong>Ninni Poij\u00e4rvi<\/strong> \u2013 s\u00e5ngsolist<\/li>\n<li><strong>Sam Huber<\/strong> \u2013 s\u00e5ngsolist<\/li>\n<li><strong>Arttu Takalo<\/strong> \u2013 vibrafonsolist<\/li>\n<li><strong>Pentti Lahti<\/strong> \u2013 saxofonsolist<\/li>\n<li><strong>Christina von Bulow<\/strong> \u2013 saxofonsolist<\/li>\n<\/ul>\n<\/div>\n\n\n\n<h3 class=\"wp-block-heading\">\ud83d\udcc0 Album och utgivningar<\/h3>\n\n\n\n<p>GBB har genom \u00e5ren gett ut <strong>CD-inspelningar<\/strong>, bland annat <em>Grani Big Band plays Jan \u201cTaco\u201d Takolander<\/em> (2026), <em>Swinging with Pentti Lasanen (2006 och 2009), Jump for Joy (2012), Live p\u00e5 \u00c5kes Jazz Festival; Dubbel CD'n samt DVD'n \u00e5ren 2014&amp;2015, 2016&amp;2017, 2017&amp;2018, 2018&amp;2019, 2019&amp;2020, och Grani Big Band Live with Sam Huber&amp;Manuel Dunkel  (2017)<\/em> -levy https:\/\/open.spotify.com\/album\/5OzIZk2CcK9TKYa5vMMtkB?si=reYesKy-QmaKt3j2aRxLew <\/p>\n<\/div>\n<\/div>\n<\/div>\n\n\n\n<hr class=\"wp-block-separator has-alpha-channel-opacity\"\/>","protected":false},"excerpt":{"rendered":"<p>Ainutlaatuinen tarina Grani Big Bandin takana Grani Big Band (GBB) on kauniaislainen big band -jazz-orkesteri. Orkesteri tunnetaan monipuolisesta ohjelmistostaan, joka kattaa niin perinteisen swingin kuin modernimmat jazz-s\u00e4vellykset. GBB on esiintynyt [&hellip;]<\/p>\n","protected":false},"author":1,"featured_media":0,"parent":0,"menu_order":0,"comment_status":"closed","ping_status":"closed","template":"page-with-title","meta":{"_EventAllDay":false,"_EventTimezone":"","_EventStartDate":"","_EventEndDate":"","_EventStartDateUTC":"","_EventEndDateUTC":"","_EventShowMap":false,"_EventShowMapLink":false,"_EventURL":"","_EventCost":"","_EventCostDescription":"","_EventCurrencySymbol":"","_EventCurrencyCode":"","_EventCurrencyPosition":"","_EventDateTimeSeparator":"","_EventTimeRangeSeparator":"","_EventOrganizerID":[],"_EventVenueID":[],"_OrganizerEmail":"","_OrganizerPhone":"","_OrganizerWebsite":"","_VenueAddress":"","_VenueCity":"","_VenueCountry":"","_VenueProvince":"","_VenueState":"","_VenueZip":"","_VenuePhone":"","_VenueURL":"","_VenueStateProvince":"","_VenueLat":"","_VenueLng":"","_VenueShowMap":false,"_VenueShowMapLink":false,"footnotes":""},"class_list":["post-81","page","type-page","status-publish","hentry"],"aioseo_notices":[],"_links":{"self":[{"href":"https:\/\/www.gbb.fi\/sv\/wp-json\/wp\/v2\/pages\/81","targetHints":{"allow":["GET"]}}],"collection":[{"href":"https:\/\/www.gbb.fi\/sv\/wp-json\/wp\/v2\/pages"}],"about":[{"href":"https:\/\/www.gbb.fi\/sv\/wp-json\/wp\/v2\/types\/page"}],"author":[{"embeddable":true,"href":"https:\/\/www.gbb.fi\/sv\/wp-json\/wp\/v2\/users\/1"}],"replies":[{"embeddable":true,"href":"https:\/\/www.gbb.fi\/sv\/wp-json\/wp\/v2\/comments?post=81"}],"version-history":[{"count":17,"href":"https:\/\/www.gbb.fi\/sv\/wp-json\/wp\/v2\/pages\/81\/revisions"}],"predecessor-version":[{"id":270,"href":"https:\/\/www.gbb.fi\/sv\/wp-json\/wp\/v2\/pages\/81\/revisions\/270"}],"wp:attachment":[{"href":"https:\/\/www.gbb.fi\/sv\/wp-json\/wp\/v2\/media?parent=81"}],"curies":[{"name":"wp","href":"https:\/\/api.w.org\/{rel}","templated":true}]}}