{"id":83,"date":"2025-12-17T18:03:08","date_gmt":"2025-12-17T18:03:08","guid":{"rendered":"https:\/\/www.gbb.fi\/galleria\/"},"modified":"2025-12-28T14:32:14","modified_gmt":"2025-12-28T14:32:14","slug":"galleria","status":"publish","type":"page","link":"https:\/\/www.gbb.fi\/sv\/galleria\/","title":{"rendered":"Galleri"},"content":{"rendered":"<div class=\"wp-block-group alignfull is-style-ext-preset--group--natural-1--section has-background-background-color has-background has-global-padding is-layout-constrained wp-container-core-group-is-layout-f72f1611 wp-block-group-is-layout-constrained\" id=\"galleria\" style=\"margin-top:0;margin-bottom:0;padding-top:var(--wp--preset--spacing--70);padding-bottom:var(--wp--preset--spacing--70)\">\n<div class=\"wp-block-group alignwide is-vertical is-layout-flex wp-container-core-group-is-layout-c35747d5 wp-block-group-is-layout-flex\">\n<div class=\"wp-block-group has-global-padding is-layout-constrained wp-container-core-group-is-layout-5e05634a wp-block-group-is-layout-constrained\">\n<h2 class=\"wp-block-heading\">F\u00e4ngslande framtr\u00e4danden f\u00f6r storband-musikens v\u00e4nner<\/h2>\n\n\n\n<p class=\"has-text-align-left\">Detta bildkollage presenterar ett urval bilder som lyfter fram Grani Big Bands energi och musikaliska uttryck.<\/p>\n<\/div>\n<\/div>\n\n\n\n<div class=\"wp-block-columns alignwide is-layout-flex wp-container-core-columns-is-layout-87beb0d0 wp-block-columns-is-layout-flex\">\n<div class=\"wp-block-column is-vertically-aligned-top is-layout-flow wp-container-core-column-is-layout-f5bb311e wp-block-column-is-layout-flow\">\n<figure class=\"wp-block-image size-large is-style-ext-preset--image--natural-1--image-1--content-bottom is-style-ext-preset--image--natural-1--image-1--content-bottom--2\"><img loading=\"lazy\" decoding=\"async\" width=\"1024\" height=\"683\" src=\"https:\/\/www.gbb.fi\/wp-content\/uploads\/2025\/12\/03-1024x683.jpg\" alt=\"\" class=\"wp-image-11\" style=\"aspect-ratio:1;object-fit:cover\" srcset=\"https:\/\/www.gbb.fi\/wp-content\/uploads\/2025\/12\/03-1024x683.jpg 1024w, https:\/\/www.gbb.fi\/wp-content\/uploads\/2025\/12\/03-300x200.jpg 300w, https:\/\/www.gbb.fi\/wp-content\/uploads\/2025\/12\/03-768x512.jpg 768w, https:\/\/www.gbb.fi\/wp-content\/uploads\/2025\/12\/03-1536x1024.jpg 1536w, https:\/\/www.gbb.fi\/wp-content\/uploads\/2025\/12\/03-2048x1365.jpg 2048w\" sizes=\"auto, (max-width: 1024px) 100vw, 1024px\" \/><\/figure>\n\n\n\n<figure class=\"wp-block-image size-large is-style-ext-preset--image--natural-1--image-1--content-right is-style-ext-preset--image--natural-1--image-1--content-right--3\"><img loading=\"lazy\" decoding=\"async\" width=\"1024\" height=\"683\" src=\"https:\/\/www.gbb.fi\/wp-content\/uploads\/2025\/12\/10-1024x683.jpg\" alt=\"\" class=\"wp-image-18\" style=\"aspect-ratio:4\/3;object-fit:cover\" srcset=\"https:\/\/www.gbb.fi\/wp-content\/uploads\/2025\/12\/10-1024x683.jpg 1024w, https:\/\/www.gbb.fi\/wp-content\/uploads\/2025\/12\/10-300x200.jpg 300w, https:\/\/www.gbb.fi\/wp-content\/uploads\/2025\/12\/10-768x512.jpg 768w, https:\/\/www.gbb.fi\/wp-content\/uploads\/2025\/12\/10-1536x1024.jpg 1536w, https:\/\/www.gbb.fi\/wp-content\/uploads\/2025\/12\/10-2048x1365.jpg 2048w\" sizes=\"auto, (max-width: 1024px) 100vw, 1024px\" \/><\/figure>\n<\/div>\n\n\n\n<div class=\"wp-block-column is-vertically-aligned-top is-layout-flow wp-container-core-column-is-layout-f5bb311e wp-block-column-is-layout-flow\">\n<figure class=\"wp-block-image size-large is-style-ext-preset--image--natural-1--image-1--content-left is-style-ext-preset--image--natural-1--image-1--content-left--4\"><img loading=\"lazy\" decoding=\"async\" width=\"1024\" height=\"683\" src=\"https:\/\/www.gbb.fi\/wp-content\/uploads\/2025\/12\/22-1024x683.jpg\" alt=\"\" class=\"wp-image-28\" style=\"aspect-ratio:4\/3;object-fit:cover\" srcset=\"https:\/\/www.gbb.fi\/wp-content\/uploads\/2025\/12\/22-1024x683.jpg 1024w, https:\/\/www.gbb.fi\/wp-content\/uploads\/2025\/12\/22-300x200.jpg 300w, https:\/\/www.gbb.fi\/wp-content\/uploads\/2025\/12\/22-768x512.jpg 768w, https:\/\/www.gbb.fi\/wp-content\/uploads\/2025\/12\/22-1536x1024.jpg 1536w, https:\/\/www.gbb.fi\/wp-content\/uploads\/2025\/12\/22-2048x1365.jpg 2048w\" sizes=\"auto, (max-width: 1024px) 100vw, 1024px\" \/><\/figure>\n\n\n\n<figure class=\"wp-block-image size-large is-style-ext-preset--image--natural-1--image-1--content-left is-style-ext-preset--image--natural-1--image-1--content-left--5\"><img loading=\"lazy\" decoding=\"async\" width=\"1024\" height=\"683\" src=\"https:\/\/www.gbb.fi\/wp-content\/uploads\/2025\/12\/14-1024x683.jpg\" alt=\"\" class=\"wp-image-22\" style=\"aspect-ratio:1;object-fit:cover\" srcset=\"https:\/\/www.gbb.fi\/wp-content\/uploads\/2025\/12\/14-1024x683.jpg 1024w, https:\/\/www.gbb.fi\/wp-content\/uploads\/2025\/12\/14-300x200.jpg 300w, https:\/\/www.gbb.fi\/wp-content\/uploads\/2025\/12\/14-768x512.jpg 768w, https:\/\/www.gbb.fi\/wp-content\/uploads\/2025\/12\/14-1536x1024.jpg 1536w, https:\/\/www.gbb.fi\/wp-content\/uploads\/2025\/12\/14-2048x1365.jpg 2048w\" sizes=\"auto, (max-width: 1024px) 100vw, 1024px\" \/><\/figure>\n<\/div>\n<\/div>\n<\/div>\n\n\n\n<p>@Mikko Piskonen<\/p>","protected":false},"excerpt":{"rendered":"<p>Valloittavia esityksi\u00e4 big band -musiikin yst\u00e4ville T\u00e4m\u00e4 galleria esittelee valikoiman kuvia, jotka tuovat esiin Grani Big Bandin energian ja musikaalisen ilmaisun. @Mikko Piskonen<\/p>","protected":false},"author":1,"featured_media":0,"parent":0,"menu_order":0,"comment_status":"closed","ping_status":"closed","template":"page-with-title","meta":{"_EventAllDay":false,"_EventTimezone":"","_EventStartDate":"","_EventEndDate":"","_EventStartDateUTC":"","_EventEndDateUTC":"","_EventShowMap":false,"_EventShowMapLink":false,"_EventURL":"","_EventCost":"","_EventCostDescription":"","_EventCurrencySymbol":"","_EventCurrencyCode":"","_EventCurrencyPosition":"","_EventDateTimeSeparator":"","_EventTimeRangeSeparator":"","_EventOrganizerID":[],"_EventVenueID":[],"_OrganizerEmail":"","_OrganizerPhone":"","_OrganizerWebsite":"","_VenueAddress":"","_VenueCity":"","_VenueCountry":"","_VenueProvince":"","_VenueState":"","_VenueZip":"","_VenuePhone":"","_VenueURL":"","_VenueStateProvince":"","_VenueLat":"","_VenueLng":"","_VenueShowMap":false,"_VenueShowMapLink":false,"footnotes":""},"class_list":["post-83","page","type-page","status-publish","hentry"],"aioseo_notices":[],"_links":{"self":[{"href":"https:\/\/www.gbb.fi\/sv\/wp-json\/wp\/v2\/pages\/83","targetHints":{"allow":["GET"]}}],"collection":[{"href":"https:\/\/www.gbb.fi\/sv\/wp-json\/wp\/v2\/pages"}],"about":[{"href":"https:\/\/www.gbb.fi\/sv\/wp-json\/wp\/v2\/types\/page"}],"author":[{"embeddable":true,"href":"https:\/\/www.gbb.fi\/sv\/wp-json\/wp\/v2\/users\/1"}],"replies":[{"embeddable":true,"href":"https:\/\/www.gbb.fi\/sv\/wp-json\/wp\/v2\/comments?post=83"}],"version-history":[{"count":4,"href":"https:\/\/www.gbb.fi\/sv\/wp-json\/wp\/v2\/pages\/83\/revisions"}],"predecessor-version":[{"id":211,"href":"https:\/\/www.gbb.fi\/sv\/wp-json\/wp\/v2\/pages\/83\/revisions\/211"}],"wp:attachment":[{"href":"https:\/\/www.gbb.fi\/sv\/wp-json\/wp\/v2\/media?parent=83"}],"curies":[{"name":"wp","href":"https:\/\/api.w.org\/{rel}","templated":true}]}}