{"id":84,"date":"2025-12-17T18:03:09","date_gmt":"2025-12-17T18:03:09","guid":{"rendered":"https:\/\/www.gbb.fi\/tarjoukset\/"},"modified":"2026-02-10T12:49:17","modified_gmt":"2026-02-10T12:49:17","slug":"tarjoukset","status":"publish","type":"page","link":"https:\/\/www.gbb.fi\/sv\/tarjoukset\/","title":{"rendered":"Tarjoukset"},"content":{"rendered":"<div class=\"wp-block-group alignfull is-style-ext-preset--group--natural-1--section has-black-background-color has-background has-global-padding is-layout-constrained wp-container-core-group-is-layout-e955bbaf wp-block-group-is-layout-constrained\" id=\"tapahtumat\" style=\"margin-top:0;margin-bottom:0;padding-top:var(--wp--preset--spacing--70);padding-bottom:var(--wp--preset--spacing--70)\">\n<div class=\"wp-block-group alignwide is-vertical is-content-justification-left is-layout-flex wp-container-core-group-is-layout-214d3d4d wp-block-group-is-layout-flex\">\n<div class=\"wp-block-group has-global-padding is-layout-constrained wp-container-core-group-is-layout-2287c683 wp-block-group-is-layout-constrained\">\n<h2 class=\"wp-block-heading\">Grani Big Band \u2013 med den levande rytmens kraft<\/h2>\n\n\n\n<p>Uppt\u00e4ck v\u00e5ra kommande spelningar och evenemang d\u00e4r du kan uppleva big band-musikens magi och bli en del av v\u00e5r musikaliska gemenskap.<\/p>\n<\/div>\n<\/div>\n\n\n\n<div class=\"wp-block-columns alignwide is-layout-flex wp-container-core-columns-is-layout-08c01c1c wp-block-columns-is-layout-flex\">\n<div class=\"wp-block-column is-vertically-aligned-stretch is-layout-flow wp-block-column-is-layout-flow\">\n<div class=\"wp-block-media-text alignwide is-stacked-on-mobile is-image-fill-element is-style-ext-preset--media-text--natural-1--card-1 has-background-background-color has-background is-style-ext-preset--media-text--natural-1--card-1--2\" style=\"grid-template-columns:35% auto\"><figure class=\"wp-block-media-text__media\"><img loading=\"lazy\" decoding=\"async\" width=\"683\" height=\"1024\" src=\"https:\/\/www.gbb.fi\/wp-content\/uploads\/2025\/12\/13-683x1024.jpg\" alt=\"\" class=\"wp-image-21 size-full\" style=\"object-position:50% 50%\" srcset=\"https:\/\/www.gbb.fi\/wp-content\/uploads\/2025\/12\/13-683x1024.jpg 683w, https:\/\/www.gbb.fi\/wp-content\/uploads\/2025\/12\/13-200x300.jpg 200w, https:\/\/www.gbb.fi\/wp-content\/uploads\/2025\/12\/13-scaled.jpg 1707w\" sizes=\"auto, (max-width: 683px) 100vw, 683px\" \/><\/figure><div class=\"wp-block-media-text__content\">\n<div class=\"wp-block-group is-style-default has-global-padding is-layout-constrained wp-container-core-group-is-layout-a35945ca wp-block-group-is-layout-constrained\" style=\"min-height:100%;padding-top:var(--wp--preset--spacing--30);padding-right:var(--wp--preset--spacing--30);padding-bottom:var(--wp--preset--spacing--30);padding-left:var(--wp--preset--spacing--30)\">\n<h3 class=\"wp-block-heading\" style=\"font-size:clamp(15.747px, 0.984rem + ((1vw - 3.2px) * 0.86), 24px);\">S\u00f6ndagsjazz<\/h3>\n\n\n\n<div class=\"wp-block-group is-nowrap is-layout-flex wp-container-core-group-is-layout-6fee25ed wp-block-group-is-layout-flex\" style=\"margin-top:24px;padding-top:0;padding-right:0;padding-bottom:0;padding-left:0\">\n<div class=\"wp-block-group is-nowrap is-layout-flex wp-container-core-group-is-layout-2ca071df wp-block-group-is-layout-flex\" style=\"padding-top:0;padding-right:0;padding-bottom:0;padding-left:0\">\n<figure class=\"wp-block-image size-large wp-container-content-c42f3963 wp-duotone-primary-foreground\"><img decoding=\"async\" src=\"data:image\/svg+xml;base64,PHN2ZyB4bWxucz0iaHR0cDovL3d3dy53My5vcmcvMjAwMC9zdmciIHdpZHRoPSIyNCIgaGVpZ2h0PSIyNCIgZmlsbD0iIzAwMDAwMCIgdmlld0JveD0iMCAwIDI1NiAyNTYiPjxwYXRoIGQ9Ik0yMDgsMzJIMTg0VjI0YTgsOCwwLDAsMC0xNiwwdjhIODhWMjRhOCw4LDAsMCwwLTE2LDB2OEg0OEExNiwxNiwwLDAsMCwzMiw0OFYyMDhhMTYsMTYsMCwwLDAsMTYsMTZIMjA4YTE2LDE2LDAsMCwwLDE2LTE2VjQ4QTE2LDE2LDAsMCwwLDIwOCwzMlpNNzIsNDh2OGE4LDgsMCwwLDAsMTYsMFY0OGg4MHY4YTgsOCwwLDAsMCwxNiwwVjQ4aDI0VjgwSDQ4VjQ4Wk0yMDgsMjA4SDQ4Vjk2SDIwOFYyMDhabS02OC03NmExMiwxMiwwLDEsMS0xMi0xMkExMiwxMiwwLDAsMSwxNDAsMTMyWm00NCwwYTEyLDEyLDAsMSwxLTEyLTEyQTEyLDEyLDAsMCwxLDE4NCwxMzJaTTk2LDE3MmExMiwxMiwwLDEsMS0xMi0xMkExMiwxMiwwLDAsMSw5NiwxNzJabTQ0LDBhMTIsMTIsMCwxLDEtMTItMTJBMTIsMTIsMCwwLDEsMTQwLDE3MlptNDQsMGExMiwxMiwwLDEsMS0xMi0xMkExMiwxMiwwLDAsMSwxODQsMTcyWiI+PC9wYXRoPjwvc3ZnPg==\" alt=\"\"\/><\/figure>\n\n\n\n<p class=\"wp-container-content-9cfa9a5a\" style=\"font-size:clamp(14px, 0.875rem + ((1vw - 3.2px) * 0.417), 18px);\">Tid: 15:00 22.3.2026 <\/p>\n\n\n\n<p><\/p>\n<\/div>\n\n\n\n<div class=\"wp-block-group is-nowrap is-layout-flex wp-container-core-group-is-layout-2ca071df wp-block-group-is-layout-flex\" style=\"padding-top:0;padding-right:0;padding-bottom:0;padding-left:0\">\n<figure class=\"wp-block-image size-large wp-duotone-primary-foreground\"><img decoding=\"async\" src=\"data:image\/svg+xml;base64,PHN2ZyB4bWxucz0iaHR0cDovL3d3dy53My5vcmcvMjAwMC9zdmciIHdpZHRoPSIyNCIgaGVpZ2h0PSIyNCIgZmlsbD0iIzAwMDAwMCIgdmlld0JveD0iMCAwIDI1NiAyNTYiPjxwYXRoIGQ9Ik0xMjgsNjRhNDAsNDAsMCwxLDAsNDAsNDBBNDAsNDAsMCwwLDAsMTI4LDY0Wm0wLDY0YTI0LDI0LDAsMSwxLDI0LTI0QTI0LDI0LDAsMCwxLDEyOCwxMjhabTAtMTEyYTg4LjEsODguMSwwLDAsMC04OCw4OGMwLDMxLjQsMTQuNTEsNjQuNjgsNDIsOTYuMjVhMjU0LjE5LDI1NC4xOSwwLDAsMCw0MS40NSwzOC4zLDgsOCwwLDAsMCw5LjE4LDBBMjU0LjE5LDI1NC4xOSwwLDAsMCwxNzQsMjAwLjI1YzI3LjQ1LTMxLjU3LDQyLTY0Ljg1LDQyLTk2LjI1QTg4LjEsODguMSwwLDAsMCwxMjgsMTZabTAsMjA2Yy0xNi41My0xMy03Mi02MC43NS03Mi0xMThhNzIsNzIsMCwwLDEsMTQ0LDBDMjAwLDE2MS4yMywxNDQuNTMsMjA5LDEyOCwyMjJaIj48L3BhdGg+PC9zdmc+\" alt=\"\"\/><\/figure>\n\n\n\n<p class=\"wp-container-content-9cfa9a5a\" style=\"font-size:clamp(14px, 0.875rem + ((1vw - 3.2px) * 0.417), 18px);\">Plats: Villa Junghans<\/p>\n<\/div>\n<\/div>\n\n\n\n<p style=\"margin-top:var(--wp--preset--spacing--20)\">Kom och njut av v\u00e5r energiska f\u00f6rest\u00e4llning p\u00e5 Villa Junghans<\/p>\n<\/div>\n<\/div><\/div>\n<\/div>\n\n\n\n<div class=\"wp-block-column is-vertically-aligned-stretch is-layout-flow wp-block-column-is-layout-flow\">\n<div class=\"wp-block-media-text alignwide is-stacked-on-mobile is-image-fill-element is-style-ext-preset--media-text--natural-1--card-1 has-background-background-color has-background is-style-ext-preset--media-text--natural-1--card-1--3\" style=\"grid-template-columns:35% auto\"><figure class=\"wp-block-media-text__media\"><img loading=\"lazy\" decoding=\"async\" width=\"1024\" height=\"683\" src=\"https:\/\/www.gbb.fi\/wp-content\/uploads\/2025\/12\/07-1024x683.jpg\" alt=\"\" class=\"wp-image-15 size-full\" style=\"object-position:50% 50%\" srcset=\"https:\/\/www.gbb.fi\/wp-content\/uploads\/2025\/12\/07-1024x683.jpg 1024w, https:\/\/www.gbb.fi\/wp-content\/uploads\/2025\/12\/07-300x200.jpg 300w, https:\/\/www.gbb.fi\/wp-content\/uploads\/2025\/12\/07-768x512.jpg 768w, https:\/\/www.gbb.fi\/wp-content\/uploads\/2025\/12\/07-1536x1024.jpg 1536w, https:\/\/www.gbb.fi\/wp-content\/uploads\/2025\/12\/07-2048x1365.jpg 2048w\" sizes=\"auto, (max-width: 1024px) 100vw, 1024px\" \/><\/figure><div class=\"wp-block-media-text__content\">\n<div class=\"wp-block-group is-style-default has-global-padding is-layout-constrained wp-container-core-group-is-layout-a35945ca wp-block-group-is-layout-constrained\" style=\"min-height:100%;padding-top:var(--wp--preset--spacing--30);padding-right:var(--wp--preset--spacing--30);padding-bottom:var(--wp--preset--spacing--30);padding-left:var(--wp--preset--spacing--30)\">\n<h3 class=\"wp-block-heading\" style=\"font-size:clamp(15.747px, 0.984rem + ((1vw - 3.2px) * 0.86), 24px);\">Granidagen<\/h3>\n\n\n\n<div class=\"wp-block-group is-nowrap is-layout-flex wp-container-core-group-is-layout-6fee25ed wp-block-group-is-layout-flex\" style=\"margin-top:24px;padding-top:0;padding-right:0;padding-bottom:0;padding-left:0\">\n<div class=\"wp-block-group is-nowrap is-layout-flex wp-container-core-group-is-layout-2ca071df wp-block-group-is-layout-flex\" style=\"padding-top:0;padding-right:0;padding-bottom:0;padding-left:0\">\n<figure class=\"wp-block-image size-large wp-container-content-c42f3963 wp-duotone-primary-foreground\"><img decoding=\"async\" src=\"data:image\/svg+xml;base64,PHN2ZyB4bWxucz0iaHR0cDovL3d3dy53My5vcmcvMjAwMC9zdmciIHdpZHRoPSIyNCIgaGVpZ2h0PSIyNCIgZmlsbD0iIzAwMDAwMCIgdmlld0JveD0iMCAwIDI1NiAyNTYiPjxwYXRoIGQ9Ik0yMDgsMzJIMTg0VjI0YTgsOCwwLDAsMC0xNiwwdjhIODhWMjRhOCw4LDAsMCwwLTE2LDB2OEg0OEExNiwxNiwwLDAsMCwzMiw0OFYyMDhhMTYsMTYsMCwwLDAsMTYsMTZIMjA4YTE2LDE2LDAsMCwwLDE2LTE2VjQ4QTE2LDE2LDAsMCwwLDIwOCwzMlpNNzIsNDh2OGE4LDgsMCwwLDAsMTYsMFY0OGg4MHY4YTgsOCwwLDAsMCwxNiwwVjQ4aDI0VjgwSDQ4VjQ4Wk0yMDgsMjA4SDQ4Vjk2SDIwOFYyMDhabS02OC03NmExMiwxMiwwLDEsMS0xMi0xMkExMiwxMiwwLDAsMSwxNDAsMTMyWm00NCwwYTEyLDEyLDAsMSwxLTEyLTEyQTEyLDEyLDAsMCwxLDE4NCwxMzJaTTk2LDE3MmExMiwxMiwwLDEsMS0xMi0xMkExMiwxMiwwLDAsMSw5NiwxNzJabTQ0LDBhMTIsMTIsMCwxLDEtMTItMTJBMTIsMTIsMCwwLDEsMTQwLDE3MlptNDQsMGExMiwxMiwwLDEsMS0xMi0xMkExMiwxMiwwLDAsMSwxODQsMTcyWiI+PC9wYXRoPjwvc3ZnPg==\" alt=\"\"\/><\/figure>\n\n\n\n<p class=\"wp-container-content-9cfa9a5a\" style=\"font-size:clamp(14px, 0.875rem + ((1vw - 3.2px) * 0.417), 18px);\">Tid: 21.5.2026<\/p>\n<\/div>\n\n\n\n<div class=\"wp-block-group is-nowrap is-layout-flex wp-container-core-group-is-layout-2ca071df wp-block-group-is-layout-flex\" style=\"padding-top:0;padding-right:0;padding-bottom:0;padding-left:0\">\n<figure class=\"wp-block-image size-large wp-duotone-primary-foreground\"><img decoding=\"async\" src=\"data:image\/svg+xml;base64,PHN2ZyB4bWxucz0iaHR0cDovL3d3dy53My5vcmcvMjAwMC9zdmciIHdpZHRoPSIyNCIgaGVpZ2h0PSIyNCIgZmlsbD0iIzAwMDAwMCIgdmlld0JveD0iMCAwIDI1NiAyNTYiPjxwYXRoIGQ9Ik0xMjgsNjRhNDAsNDAsMCwxLDAsNDAsNDBBNDAsNDAsMCwwLDAsMTI4LDY0Wm0wLDY0YTI0LDI0LDAsMSwxLDI0LTI0QTI0LDI0LDAsMCwxLDEyOCwxMjhabTAtMTEyYTg4LjEsODguMSwwLDAsMC04OCw4OGMwLDMxLjQsMTQuNTEsNjQuNjgsNDIsOTYuMjVhMjU0LjE5LDI1NC4xOSwwLDAsMCw0MS40NSwzOC4zLDgsOCwwLDAsMCw5LjE4LDBBMjU0LjE5LDI1NC4xOSwwLDAsMCwxNzQsMjAwLjI1YzI3LjQ1LTMxLjU3LDQyLTY0Ljg1LDQyLTk2LjI1QTg4LjEsODguMSwwLDAsMCwxMjgsMTZabTAsMjA2Yy0xNi41My0xMy03Mi02MC43NS03Mi0xMThhNzIsNzIsMCwwLDEsMTQ0LDBDMjAwLDE2MS4yMywxNDQuNTMsMjA5LDEyOCwyMjJaIj48L3BhdGg+PC9zdmc+\" alt=\"\"\/><\/figure>\n\n\n\n<p class=\"wp-container-content-9cfa9a5a\" style=\"font-size:clamp(14px, 0.875rem + ((1vw - 3.2px) * 0.417), 18px);\">Plats: Grankulla centrum<\/p>\n<\/div>\n<\/div>\n\n\n\n<p style=\"margin-top:var(--wp--preset--spacing--20)\">Gratis utomhuskonsert<\/p>\n<\/div>\n<\/div><\/div>\n<\/div>\n<\/div>\n\n\n\n<div class=\"wp-block-columns alignwide is-layout-flex wp-container-core-columns-is-layout-967d05ff wp-block-columns-is-layout-flex\" style=\"margin-top:var(--wp--preset--spacing--40)\">\n<div class=\"wp-block-column is-vertically-aligned-stretch is-layout-flow wp-block-column-is-layout-flow\">\n<div class=\"wp-block-media-text alignwide is-stacked-on-mobile is-image-fill-element is-style-ext-preset--media-text--natural-1--card-1 has-background-background-color has-background is-style-ext-preset--media-text--natural-1--card-1--4\" style=\"grid-template-columns:35% auto\"><figure class=\"wp-block-media-text__media\"><img loading=\"lazy\" decoding=\"async\" width=\"1024\" height=\"683\" src=\"https:\/\/www.gbb.fi\/wp-content\/uploads\/2025\/12\/06-1024x683.jpg\" alt=\"\" class=\"wp-image-14 size-full\" style=\"object-position:50% 50%\" srcset=\"https:\/\/www.gbb.fi\/wp-content\/uploads\/2025\/12\/06-1024x683.jpg 1024w, https:\/\/www.gbb.fi\/wp-content\/uploads\/2025\/12\/06-300x200.jpg 300w, https:\/\/www.gbb.fi\/wp-content\/uploads\/2025\/12\/06-768x512.jpg 768w, https:\/\/www.gbb.fi\/wp-content\/uploads\/2025\/12\/06-1536x1024.jpg 1536w, https:\/\/www.gbb.fi\/wp-content\/uploads\/2025\/12\/06-2048x1365.jpg 2048w\" sizes=\"auto, (max-width: 1024px) 100vw, 1024px\" \/><\/figure><div class=\"wp-block-media-text__content\">\n<div class=\"wp-block-group is-style-default has-global-padding is-layout-constrained wp-container-core-group-is-layout-a35945ca wp-block-group-is-layout-constrained\" style=\"min-height:100%;padding-top:var(--wp--preset--spacing--30);padding-right:var(--wp--preset--spacing--30);padding-bottom:var(--wp--preset--spacing--30);padding-left:var(--wp--preset--spacing--30)\">\n<h3 class=\"wp-block-heading\" style=\"font-size:clamp(15.747px, 0.984rem + ((1vw - 3.2px) * 0.86), 24px);\">H\u00f6stkonsert<\/h3>\n\n\n\n<div class=\"wp-block-group is-nowrap is-layout-flex wp-container-core-group-is-layout-6fee25ed wp-block-group-is-layout-flex\" style=\"margin-top:24px;padding-top:0;padding-right:0;padding-bottom:0;padding-left:0\">\n<div class=\"wp-block-group is-nowrap is-layout-flex wp-container-core-group-is-layout-2ca071df wp-block-group-is-layout-flex\" style=\"padding-top:0;padding-right:0;padding-bottom:0;padding-left:0\">\n<figure class=\"wp-block-image size-large wp-container-content-c42f3963 wp-duotone-primary-foreground\"><img decoding=\"async\" src=\"data:image\/svg+xml;base64,PHN2ZyB4bWxucz0iaHR0cDovL3d3dy53My5vcmcvMjAwMC9zdmciIHdpZHRoPSIyNCIgaGVpZ2h0PSIyNCIgZmlsbD0iIzAwMDAwMCIgdmlld0JveD0iMCAwIDI1NiAyNTYiPjxwYXRoIGQ9Ik0yMDgsMzJIMTg0VjI0YTgsOCwwLDAsMC0xNiwwdjhIODhWMjRhOCw4LDAsMCwwLTE2LDB2OEg0OEExNiwxNiwwLDAsMCwzMiw0OFYyMDhhMTYsMTYsMCwwLDAsMTYsMTZIMjA4YTE2LDE2LDAsMCwwLDE2LTE2VjQ4QTE2LDE2LDAsMCwwLDIwOCwzMlpNNzIsNDh2OGE4LDgsMCwwLDAsMTYsMFY0OGg4MHY4YTgsOCwwLDAsMCwxNiwwVjQ4aDI0VjgwSDQ4VjQ4Wk0yMDgsMjA4SDQ4Vjk2SDIwOFYyMDhabS02OC03NmExMiwxMiwwLDEsMS0xMi0xMkExMiwxMiwwLDAsMSwxNDAsMTMyWm00NCwwYTEyLDEyLDAsMSwxLTEyLTEyQTEyLDEyLDAsMCwxLDE4NCwxMzJaTTk2LDE3MmExMiwxMiwwLDEsMS0xMi0xMkExMiwxMiwwLDAsMSw5NiwxNzJabTQ0LDBhMTIsMTIsMCwxLDEtMTItMTJBMTIsMTIsMCwwLDEsMTQwLDE3MlptNDQsMGExMiwxMiwwLDEsMS0xMi0xMkExMiwxMiwwLDAsMSwxODQsMTcyWiI+PC9wYXRoPjwvc3ZnPg==\" alt=\"\"\/><\/figure>\n\n\n\n<p class=\"wp-container-content-9cfa9a5a\" style=\"font-size:clamp(14px, 0.875rem + ((1vw - 3.2px) * 0.417), 18px);\">Tid: 18:00 28.11.2026<\/p>\n<\/div>\n\n\n\n<div class=\"wp-block-group is-nowrap is-layout-flex wp-container-core-group-is-layout-2ca071df wp-block-group-is-layout-flex\" style=\"padding-top:0;padding-right:0;padding-bottom:0;padding-left:0\">\n<figure class=\"wp-block-image size-large wp-duotone-primary-foreground\"><img decoding=\"async\" src=\"data:image\/svg+xml;base64,PHN2ZyB4bWxucz0iaHR0cDovL3d3dy53My5vcmcvMjAwMC9zdmciIHdpZHRoPSIyNCIgaGVpZ2h0PSIyNCIgZmlsbD0iIzAwMDAwMCIgdmlld0JveD0iMCAwIDI1NiAyNTYiPjxwYXRoIGQ9Ik0xMjgsNjRhNDAsNDAsMCwxLDAsNDAsNDBBNDAsNDAsMCwwLDAsMTI4LDY0Wm0wLDY0YTI0LDI0LDAsMSwxLDI0LTI0QTI0LDI0LDAsMCwxLDEyOCwxMjhabTAtMTEyYTg4LjEsODguMSwwLDAsMC04OCw4OGMwLDMxLjQsMTQuNTEsNjQuNjgsNDIsOTYuMjVhMjU0LjE5LDI1NC4xOSwwLDAsMCw0MS40NSwzOC4zLDgsOCwwLDAsMCw5LjE4LDBBMjU0LjE5LDI1NC4xOSwwLDAsMCwxNzQsMjAwLjI1YzI3LjQ1LTMxLjU3LDQyLTY0Ljg1LDQyLTk2LjI1QTg4LjEsODguMSwwLDAsMCwxMjgsMTZabTAsMjA2Yy0xNi41My0xMy03Mi02MC43NS03Mi0xMThhNzIsNzIsMCwwLDEsMTQ0LDBDMjAwLDE2MS4yMywxNDQuNTMsMjA5LDEyOCwyMjJaIj48L3BhdGg+PC9zdmc+\" alt=\"\"\/><\/figure>\n\n\n\n<p class=\"wp-container-content-9cfa9a5a\" style=\"font-size:clamp(14px, 0.875rem + ((1vw - 3.2px) * 0.417), 18px);\">Plats: Nya Paviljongen<\/p>\n<\/div>\n<\/div>\n\n\n\n<p style=\"margin-top:var(--wp--preset--spacing--20)\">F\u00f6rest\u00e4llningen inneh\u00e5ller b\u00e5de nya arrangemang och traditionella p\u00e4rlor.<\/p>\n<\/div>\n<\/div><\/div>\n<\/div>\n\n\n\n<div class=\"wp-block-column is-vertically-aligned-stretch is-layout-flow wp-block-column-is-layout-flow\">\n<div class=\"wp-block-media-text alignwide is-stacked-on-mobile is-image-fill-element is-style-ext-preset--media-text--natural-1--card-1 has-background-background-color has-background is-style-ext-preset--media-text--natural-1--card-1--5\" style=\"grid-template-columns:35% auto\"><figure class=\"wp-block-media-text__media\"><img loading=\"lazy\" decoding=\"async\" width=\"1024\" height=\"683\" src=\"https:\/\/www.gbb.fi\/wp-content\/uploads\/2025\/12\/12-1024x683.jpg\" alt=\"\" class=\"wp-image-20 size-full\" style=\"object-position:50% 50%\" srcset=\"https:\/\/www.gbb.fi\/wp-content\/uploads\/2025\/12\/12-1024x683.jpg 1024w, https:\/\/www.gbb.fi\/wp-content\/uploads\/2025\/12\/12-300x200.jpg 300w, https:\/\/www.gbb.fi\/wp-content\/uploads\/2025\/12\/12-768x512.jpg 768w, https:\/\/www.gbb.fi\/wp-content\/uploads\/2025\/12\/12-1536x1024.jpg 1536w, https:\/\/www.gbb.fi\/wp-content\/uploads\/2025\/12\/12-2048x1365.jpg 2048w\" sizes=\"auto, (max-width: 1024px) 100vw, 1024px\" \/><\/figure><div class=\"wp-block-media-text__content\">\n<div class=\"wp-block-group is-style-default has-global-padding is-layout-constrained wp-container-core-group-is-layout-a35945ca wp-block-group-is-layout-constrained\" style=\"min-height:100%;padding-top:var(--wp--preset--spacing--30);padding-right:var(--wp--preset--spacing--30);padding-bottom:var(--wp--preset--spacing--30);padding-left:var(--wp--preset--spacing--30)\">\n<h3 class=\"wp-block-heading\" style=\"font-size:clamp(15.747px, 0.984rem + ((1vw - 3.2px) * 0.86), 24px);\">Konsert i Kyrksl\u00e4tt<\/h3>\n\n\n\n<div class=\"wp-block-group is-nowrap is-layout-flex wp-container-core-group-is-layout-6fee25ed wp-block-group-is-layout-flex\" style=\"margin-top:24px;padding-top:0;padding-right:0;padding-bottom:0;padding-left:0\">\n<div class=\"wp-block-group is-nowrap is-layout-flex wp-container-core-group-is-layout-2ca071df wp-block-group-is-layout-flex\" style=\"padding-top:0;padding-right:0;padding-bottom:0;padding-left:0\">\n<figure class=\"wp-block-image size-large wp-container-content-c42f3963 wp-duotone-primary-foreground\"><img decoding=\"async\" src=\"data:image\/svg+xml;base64,PHN2ZyB4bWxucz0iaHR0cDovL3d3dy53My5vcmcvMjAwMC9zdmciIHdpZHRoPSIyNCIgaGVpZ2h0PSIyNCIgZmlsbD0iIzAwMDAwMCIgdmlld0JveD0iMCAwIDI1NiAyNTYiPjxwYXRoIGQ9Ik0yMDgsMzJIMTg0VjI0YTgsOCwwLDAsMC0xNiwwdjhIODhWMjRhOCw4LDAsMCwwLTE2LDB2OEg0OEExNiwxNiwwLDAsMCwzMiw0OFYyMDhhMTYsMTYsMCwwLDAsMTYsMTZIMjA4YTE2LDE2LDAsMCwwLDE2LTE2VjQ4QTE2LDE2LDAsMCwwLDIwOCwzMlpNNzIsNDh2OGE4LDgsMCwwLDAsMTYsMFY0OGg4MHY4YTgsOCwwLDAsMCwxNiwwVjQ4aDI0VjgwSDQ4VjQ4Wk0yMDgsMjA4SDQ4Vjk2SDIwOFYyMDhabS02OC03NmExMiwxMiwwLDEsMS0xMi0xMkExMiwxMiwwLDAsMSwxNDAsMTMyWm00NCwwYTEyLDEyLDAsMSwxLTEyLTEyQTEyLDEyLDAsMCwxLDE4NCwxMzJaTTk2LDE3MmExMiwxMiwwLDEsMS0xMi0xMkExMiwxMiwwLDAsMSw5NiwxNzJabTQ0LDBhMTIsMTIsMCwxLDEtMTItMTJBMTIsMTIsMCwwLDEsMTQwLDE3MlptNDQsMGExMiwxMiwwLDEsMS0xMi0xMkExMiwxMiwwLDAsMSwxODQsMTcyWiI+PC9wYXRoPjwvc3ZnPg==\" alt=\"\"\/><\/figure>\n\n\n\n<p class=\"wp-container-content-9cfa9a5a\" style=\"font-size:clamp(14px, 0.875rem + ((1vw - 3.2px) * 0.417), 18px);\">Tid:<\/p>\n<\/div>\n\n\n\n<div class=\"wp-block-group is-nowrap is-layout-flex wp-container-core-group-is-layout-2ca071df wp-block-group-is-layout-flex\" style=\"padding-top:0;padding-right:0;padding-bottom:0;padding-left:0\">\n<figure class=\"wp-block-image size-large wp-duotone-primary-foreground\"><img decoding=\"async\" src=\"data:image\/svg+xml;base64,PHN2ZyB4bWxucz0iaHR0cDovL3d3dy53My5vcmcvMjAwMC9zdmciIHdpZHRoPSIyNCIgaGVpZ2h0PSIyNCIgZmlsbD0iIzAwMDAwMCIgdmlld0JveD0iMCAwIDI1NiAyNTYiPjxwYXRoIGQ9Ik0xMjgsNjRhNDAsNDAsMCwxLDAsNDAsNDBBNDAsNDAsMCwwLDAsMTI4LDY0Wm0wLDY0YTI0LDI0LDAsMSwxLDI0LTI0QTI0LDI0LDAsMCwxLDEyOCwxMjhabTAtMTEyYTg4LjEsODguMSwwLDAsMC04OCw4OGMwLDMxLjQsMTQuNTEsNjQuNjgsNDIsOTYuMjVhMjU0LjE5LDI1NC4xOSwwLDAsMCw0MS40NSwzOC4zLDgsOCwwLDAsMCw5LjE4LDBBMjU0LjE5LDI1NC4xOSwwLDAsMCwxNzQsMjAwLjI1YzI3LjQ1LTMxLjU3LDQyLTY0Ljg1LDQyLTk2LjI1QTg4LjEsODguMSwwLDAsMCwxMjgsMTZabTAsMjA2Yy0xNi41My0xMy03Mi02MC43NS03Mi0xMThhNzIsNzIsMCwwLDEsMTQ0LDBDMjAwLDE2MS4yMywxNDQuNTMsMjA5LDEyOCwyMjJaIj48L3BhdGg+PC9zdmc+\" alt=\"\"\/><\/figure>\n\n\n\n<p class=\"wp-container-content-9cfa9a5a\" style=\"font-size:clamp(14px, 0.875rem + ((1vw - 3.2px) * 0.417), 18px);\">Plats:<\/p>\n<\/div>\n<\/div>\n\n\n\n<p style=\"margin-top:var(--wp--preset--spacing--20)\">En varm och st\u00e4mningsfull storbandskonsert i Kyrksl\u00e4tts kyrka.<\/p>\n<\/div>\n<\/div><\/div>\n<\/div>\n<\/div>\n<\/div>","protected":false},"excerpt":{"rendered":"<p>Grani Big Band &#8211; el\u00e4v\u00e4n rytmin voimalla Tutustu tuleviin keikkoihimme ja tapahtumiin, joissa voit kokea big band -musiikin taian ja liitty\u00e4 musiikilliseen yhteis\u00f6\u00f6mme. Sunnuntai Jazzit Aika: 15:00 22.3.2026 Paikka:Villa Junghans [&hellip;]<\/p>\n","protected":false},"author":1,"featured_media":0,"parent":0,"menu_order":0,"comment_status":"closed","ping_status":"closed","template":"page-with-title","meta":{"_EventAllDay":false,"_EventTimezone":"","_EventStartDate":"","_EventEndDate":"","_EventStartDateUTC":"","_EventEndDateUTC":"","_EventShowMap":false,"_EventShowMapLink":false,"_EventURL":"","_EventCost":"","_EventCostDescription":"","_EventCurrencySymbol":"","_EventCurrencyCode":"","_EventCurrencyPosition":"","_EventDateTimeSeparator":"","_EventTimeRangeSeparator":"","_EventOrganizerID":[],"_EventVenueID":[],"_OrganizerEmail":"","_OrganizerPhone":"","_OrganizerWebsite":"","_VenueAddress":"","_VenueCity":"","_VenueCountry":"","_VenueProvince":"","_VenueState":"","_VenueZip":"","_VenuePhone":"","_VenueURL":"","_VenueStateProvince":"","_VenueLat":"","_VenueLng":"","_VenueShowMap":false,"_VenueShowMapLink":false,"footnotes":""},"class_list":["post-84","page","type-page","status-publish","hentry"],"aioseo_notices":[],"_links":{"self":[{"href":"https:\/\/www.gbb.fi\/sv\/wp-json\/wp\/v2\/pages\/84","targetHints":{"allow":["GET"]}}],"collection":[{"href":"https:\/\/www.gbb.fi\/sv\/wp-json\/wp\/v2\/pages"}],"about":[{"href":"https:\/\/www.gbb.fi\/sv\/wp-json\/wp\/v2\/types\/page"}],"author":[{"embeddable":true,"href":"https:\/\/www.gbb.fi\/sv\/wp-json\/wp\/v2\/users\/1"}],"replies":[{"embeddable":true,"href":"https:\/\/www.gbb.fi\/sv\/wp-json\/wp\/v2\/comments?post=84"}],"version-history":[{"count":11,"href":"https:\/\/www.gbb.fi\/sv\/wp-json\/wp\/v2\/pages\/84\/revisions"}],"predecessor-version":[{"id":266,"href":"https:\/\/www.gbb.fi\/sv\/wp-json\/wp\/v2\/pages\/84\/revisions\/266"}],"wp:attachment":[{"href":"https:\/\/www.gbb.fi\/sv\/wp-json\/wp\/v2\/media?parent=84"}],"curies":[{"name":"wp","href":"https:\/\/api.w.org\/{rel}","templated":true}]}}