{"id":86,"date":"2025-12-17T18:03:10","date_gmt":"2025-12-17T18:03:10","guid":{"rendered":"https:\/\/www.gbb.fi\/koti\/"},"modified":"2026-01-10T09:36:45","modified_gmt":"2026-01-10T09:36:45","slug":"koti","status":"publish","type":"page","link":"https:\/\/www.gbb.fi\/sv\/","title":{"rendered":"Koti"},"content":{"rendered":"<div class=\"wp-block-group alignfull is-style-ext-preset--group--natural-1--section has-background-background-color has-background has-global-padding is-layout-constrained wp-block-group-is-layout-constrained\" style=\"margin-top:0;margin-bottom:0;padding-top:var(--wp--preset--spacing--50);padding-bottom:var(--wp--preset--spacing--70)\">\n<div class=\"wp-block-columns alignwide is-layout-flex wp-container-core-columns-is-layout-08c01c1c wp-block-columns-is-layout-flex\">\n<div class=\"wp-block-column is-vertically-aligned-stretch is-layout-flow wp-block-column-is-layout-flow\">\n<h2 class=\"wp-block-heading has-text-align-center\">Grani Big Band<\/h2>\n\n\n\n<p>Grani Big Band \u00e4r en jazzorkester fr\u00e5n Grankulla som har framf\u00f6rt storbandsjazz  sedan 1970-talet.<\/p>\n\n\n\n<figure class=\"wp-block-image size-large\"><img loading=\"lazy\" decoding=\"async\" width=\"1024\" height=\"683\" src=\"https:\/\/www.gbb.fi\/wp-content\/uploads\/2025\/12\/02-1024x683.jpg\" alt=\"\" class=\"wp-image-10\" srcset=\"https:\/\/www.gbb.fi\/wp-content\/uploads\/2025\/12\/02-1024x683.jpg 1024w, https:\/\/www.gbb.fi\/wp-content\/uploads\/2025\/12\/02-300x200.jpg 300w, https:\/\/www.gbb.fi\/wp-content\/uploads\/2025\/12\/02-768x512.jpg 768w, https:\/\/www.gbb.fi\/wp-content\/uploads\/2025\/12\/02-1536x1024.jpg 1536w, https:\/\/www.gbb.fi\/wp-content\/uploads\/2025\/12\/02-2048x1365.jpg 2048w\" sizes=\"auto, (max-width: 1024px) 100vw, 1024px\" \/><\/figure>\n\n\n\n<p>@Mikko Piskonen<\/p>\n<\/div>\n<\/div>\n<\/div>","protected":false},"excerpt":{"rendered":"<p>Grani Big Band Grani Big Band on kauniaislainen jazz &#8211; orkesteri, joka on soittanut aina 1970 &#8211; luvulta l\u00e4htien. @Mikko Piskonen<\/p>","protected":false},"author":1,"featured_media":0,"parent":0,"menu_order":0,"comment_status":"closed","ping_status":"closed","template":"no-title","meta":{"_EventAllDay":false,"_EventTimezone":"","_EventStartDate":"","_EventEndDate":"","_EventStartDateUTC":"","_EventEndDateUTC":"","_EventShowMap":false,"_EventShowMapLink":false,"_EventURL":"","_EventCost":"","_EventCostDescription":"","_EventCurrencySymbol":"","_EventCurrencyCode":"","_EventCurrencyPosition":"","_EventDateTimeSeparator":"","_EventTimeRangeSeparator":"","_EventOrganizerID":[],"_EventVenueID":[],"_OrganizerEmail":"","_OrganizerPhone":"","_OrganizerWebsite":"","_VenueAddress":"","_VenueCity":"","_VenueCountry":"","_VenueProvince":"","_VenueState":"","_VenueZip":"","_VenuePhone":"","_VenueURL":"","_VenueStateProvince":"","_VenueLat":"","_VenueLng":"","_VenueShowMap":false,"_VenueShowMapLink":false,"footnotes":""},"class_list":["post-86","page","type-page","status-publish","hentry"],"aioseo_notices":[],"_links":{"self":[{"href":"https:\/\/www.gbb.fi\/sv\/wp-json\/wp\/v2\/pages\/86","targetHints":{"allow":["GET"]}}],"collection":[{"href":"https:\/\/www.gbb.fi\/sv\/wp-json\/wp\/v2\/pages"}],"about":[{"href":"https:\/\/www.gbb.fi\/sv\/wp-json\/wp\/v2\/types\/page"}],"author":[{"embeddable":true,"href":"https:\/\/www.gbb.fi\/sv\/wp-json\/wp\/v2\/users\/1"}],"replies":[{"embeddable":true,"href":"https:\/\/www.gbb.fi\/sv\/wp-json\/wp\/v2\/comments?post=86"}],"version-history":[{"count":15,"href":"https:\/\/www.gbb.fi\/sv\/wp-json\/wp\/v2\/pages\/86\/revisions"}],"predecessor-version":[{"id":256,"href":"https:\/\/www.gbb.fi\/sv\/wp-json\/wp\/v2\/pages\/86\/revisions\/256"}],"wp:attachment":[{"href":"https:\/\/www.gbb.fi\/sv\/wp-json\/wp\/v2\/media?parent=86"}],"curies":[{"name":"wp","href":"https:\/\/api.w.org\/{rel}","templated":true}]}}