{"id":91,"date":"2025-12-17T18:04:05","date_gmt":"2025-12-17T18:04:05","guid":{"rendered":"https:\/\/www.gbb.fi\/tuote\/rummut-classic\/"},"modified":"2025-12-17T18:04:05","modified_gmt":"2025-12-17T18:04:05","slug":"rummut-classic","status":"publish","type":"product","link":"https:\/\/www.gbb.fi\/sv\/produkt\/rummut-classic\/","title":{"rendered":"Rummut Classic"},"content":{"rendered":"<p>Rummut Classic on suunniteltu tuottamaan voimakas ja tarkka rytmi big band -esityksiss\u00e4. Kest\u00e4v\u00e4 rakenne ja laadukkaat materiaalit takaavat pitk\u00e4n k\u00e4ytt\u00f6i\u00e4n.<\/p>","protected":false},"excerpt":{"rendered":"<p>Rummut Classic on suunniteltu tuottamaan voimakas ja tarkka rytmi big band -esityksiss\u00e4. Kest\u00e4v\u00e4 rakenne ja laadukkaat materiaalit takaavat pitk\u00e4n k\u00e4ytt\u00f6i\u00e4n.<\/p>","protected":false},"featured_media":0,"comment_status":"open","ping_status":"closed","template":"","meta":{"_EventAllDay":false,"_EventTimezone":"","_EventStartDate":"","_EventEndDate":"","_EventStartDateUTC":"","_EventEndDateUTC":"","_EventShowMap":false,"_EventShowMapLink":false,"_EventURL":"","_EventCost":"","_EventCostDescription":"","_EventCurrencySymbol":"","_EventCurrencyCode":"","_EventCurrencyPosition":"","_EventDateTimeSeparator":"","_EventTimeRangeSeparator":"","_EventOrganizerID":[],"_EventVenueID":[],"_OrganizerEmail":"","_OrganizerPhone":"","_OrganizerWebsite":"","_VenueAddress":"","_VenueCity":"","_VenueCountry":"","_VenueProvince":"","_VenueState":"","_VenueZip":"","_VenuePhone":"","_VenueURL":"","_VenueStateProvince":"","_VenueLat":"","_VenueLng":"","_VenueShowMap":false,"_VenueShowMapLink":false},"product_brand":[],"product_cat":[21],"product_tag":[],"class_list":{"0":"post-91","1":"product","2":"type-product","3":"status-publish","5":"product_cat-soittimet","7":"first","8":"instock","9":"shipping-taxable","10":"purchasable","11":"product-type-simple"},"aioseo_notices":[],"_links":{"self":[{"href":"https:\/\/www.gbb.fi\/sv\/wp-json\/wp\/v2\/product\/91","targetHints":{"allow":["GET"]}}],"collection":[{"href":"https:\/\/www.gbb.fi\/sv\/wp-json\/wp\/v2\/product"}],"about":[{"href":"https:\/\/www.gbb.fi\/sv\/wp-json\/wp\/v2\/types\/product"}],"replies":[{"embeddable":true,"href":"https:\/\/www.gbb.fi\/sv\/wp-json\/wp\/v2\/comments?post=91"}],"wp:attachment":[{"href":"https:\/\/www.gbb.fi\/sv\/wp-json\/wp\/v2\/media?parent=91"}],"wp:term":[{"taxonomy":"product_brand","embeddable":true,"href":"https:\/\/www.gbb.fi\/sv\/wp-json\/wp\/v2\/product_brand?post=91"},{"taxonomy":"product_cat","embeddable":true,"href":"https:\/\/www.gbb.fi\/sv\/wp-json\/wp\/v2\/product_cat?post=91"},{"taxonomy":"product_tag","embeddable":true,"href":"https:\/\/www.gbb.fi\/sv\/wp-json\/wp\/v2\/product_tag?post=91"}],"curies":[{"name":"wp","href":"https:\/\/api.w.org\/{rel}","templated":true}]}}